{"id":131,"date":"2026-04-08T11:09:13","date_gmt":"2026-04-08T14:09:13","guid":{"rendered":"https:\/\/festadofigo.com.br\/?page_id=131"},"modified":"2026-04-10T17:22:43","modified_gmt":"2026-04-10T20:22:43","slug":"home","status":"publish","type":"page","link":"https:\/\/festadofigo.com.br\/","title":{"rendered":"Home"},"content":{"rendered":"\t\t<div data-elementor-type=\"wp-page\" data-elementor-id=\"131\" class=\"elementor elementor-131\" data-elementor-post-type=\"page\">\n\t\t\t\t<div class=\"elementor-element elementor-element-9fd2082 e-flex e-con-boxed e-con e-parent\" data-id=\"9fd2082\" data-element_type=\"container\" data-e-type=\"container\" data-settings=\"{&quot;background_background&quot;:&quot;classic&quot;}\">\n\t\t\t\t\t<div class=\"e-con-inner\">\n\t\t\t\t<div class=\"elementor-element elementor-element-f631854 elementor-widget__width-initial elementor-widget elementor-widget-heading\" data-id=\"f631854\" data-element_type=\"widget\" data-e-type=\"widget\" data-widget_type=\"heading.default\">\n\t\t\t\t\t<h2 class=\"elementor-heading-title elementor-size-default\">Tudo sobre a Festa do Figo em um s\u00f3 lugar<\/h2>\t\t\t\t<\/div>\n\t\t\t\t<div class=\"elementor-element elementor-element-ab49af3 elementor-widget__width-initial elementor-widget elementor-widget-text-editor\" data-id=\"ab49af3\" data-element_type=\"widget\" data-e-type=\"widget\" data-widget_type=\"text-editor.default\">\n\t\t\t\t\t\t\t\t\t<p>Programa\u00e7\u00e3o completa, dicas, onde ficar, o que fazer e tudo que voc\u00ea precisa para aproveitar ao m\u00e1ximo o evento<\/p>\t\t\t\t\t\t\t\t<\/div>\n\t\t<div class=\"elementor-element elementor-element-0cd6f10 e-con-full e-flex e-con e-child\" data-id=\"0cd6f10\" data-element_type=\"container\" data-e-type=\"container\">\n\t\t\t\t<div class=\"elementor-element elementor-element-a90a105 elementor-align-justify elementor-widget__width-initial e-transform e-transform elementor-widget elementor-widget-button\" data-id=\"a90a105\" data-element_type=\"widget\" data-e-type=\"widget\" data-settings=\"{&quot;_transform_rotateZ_effect_hover&quot;:{&quot;unit&quot;:&quot;px&quot;,&quot;size&quot;:&quot;&quot;,&quot;sizes&quot;:[]},&quot;_transform_rotateZ_effect_hover_tablet&quot;:{&quot;unit&quot;:&quot;deg&quot;,&quot;size&quot;:&quot;&quot;,&quot;sizes&quot;:[]},&quot;_transform_rotateZ_effect_hover_mobile&quot;:{&quot;unit&quot;:&quot;deg&quot;,&quot;size&quot;:&quot;&quot;,&quot;sizes&quot;:[]},&quot;_transform_scale_effect_hover&quot;:{&quot;unit&quot;:&quot;px&quot;,&quot;size&quot;:&quot;&quot;,&quot;sizes&quot;:[]},&quot;_transform_scale_effect_hover_tablet&quot;:{&quot;unit&quot;:&quot;px&quot;,&quot;size&quot;:&quot;&quot;,&quot;sizes&quot;:[]},&quot;_transform_scale_effect_hover_mobile&quot;:{&quot;unit&quot;:&quot;px&quot;,&quot;size&quot;:&quot;&quot;,&quot;sizes&quot;:[]}}\" data-widget_type=\"button.default\">\n\t\t\t\t\t\t\t\t\t\t<a class=\"elementor-button elementor-button-link elementor-size-sm\" href=\"#\">\n\t\t\t\t\t\t<span class=\"elementor-button-content-wrapper\">\n\t\t\t\t\t\t\t\t\t<span class=\"elementor-button-text\">Ver programa\u00e7\u00e3o<\/span>\n\t\t\t\t\t<\/span>\n\t\t\t\t\t<\/a>\n\t\t\t\t\t\t\t\t<\/div>\n\t\t\t\t<div class=\"elementor-element elementor-element-89c15ac elementor-align-justify elementor-widget__width-initial elementor-widget elementor-widget-button\" data-id=\"89c15ac\" data-element_type=\"widget\" data-e-type=\"widget\" data-widget_type=\"button.default\">\n\t\t\t\t\t\t\t\t\t\t<a class=\"elementor-button elementor-button-link elementor-size-sm\" href=\"#\">\n\t\t\t\t\t\t<span class=\"elementor-button-content-wrapper\">\n\t\t\t\t\t\t\t\t\t<span class=\"elementor-button-text\">Como chegar<\/span>\n\t\t\t\t\t<\/span>\n\t\t\t\t\t<\/a>\n\t\t\t\t\t\t\t\t<\/div>\n\t\t\t\t<\/div>\n\t\t\t\t\t<\/div>\n\t\t\t\t<\/div>\n\t\t<div class=\"elementor-element elementor-element-0ce4771 e-flex e-con-boxed e-con e-parent\" data-id=\"0ce4771\" data-element_type=\"container\" data-e-type=\"container\">\n\t\t\t\t\t<div class=\"e-con-inner\">\n\t\t<div class=\"elementor-element elementor-element-ac0b68c e-con-full e-flex e-con e-child\" data-id=\"ac0b68c\" data-element_type=\"container\" data-e-type=\"container\" data-settings=\"{&quot;background_background&quot;:&quot;gradient&quot;}\">\n\t\t\t\t<div class=\"elementor-element elementor-element-8f067a7 elementor-position-inline-start elementor-view-default elementor-mobile-position-block-start elementor-widget elementor-widget-icon-box\" data-id=\"8f067a7\" data-element_type=\"widget\" data-e-type=\"widget\" data-widget_type=\"icon-box.default\">\n\t\t\t\t\t\t\t<div class=\"elementor-icon-box-wrapper\">\n\n\t\t\t\t\t\t<div class=\"elementor-icon-box-icon\">\n\t\t\t\t<span  class=\"elementor-icon\">\n\t\t\t\t<svg xmlns=\"http:\/\/www.w3.org\/2000\/svg\" width=\"40\" height=\"40\" viewBox=\"0 0 40 40\" fill=\"none\"><path d=\"M8.33333 36.6666C7.41667 36.6666 6.63194 36.3403 5.97917 35.6875C5.32639 35.0347 5 34.25 5 33.3333V9.99998C5 9.08331 5.32639 8.29859 5.97917 7.64581C6.63194 6.99304 7.41667 6.66665 8.33333 6.66665H10V3.33331H13.3333V6.66665H26.6667V3.33331H30V6.66665H31.6667C32.5833 6.66665 33.3681 6.99304 34.0208 7.64581C34.6736 8.29859 35 9.08331 35 9.99998V20.625L31.6667 23.9583V16.6666H8.33333V33.3333H18.6667L22 36.6666H8.33333ZM8.33333 13.3333H31.6667V9.99998H8.33333V13.3333ZM27.5833 37.5L21.6667 31.5833L24 29.25L27.5417 32.7916L34.625 25.7083L36.9583 28.0833L27.5833 37.5Z\" fill=\"#D81C71\"><\/path><\/svg>\t\t\t\t<\/span>\n\t\t\t<\/div>\n\t\t\t\n\t\t\t\t\t\t<div class=\"elementor-icon-box-content\">\n\n\t\t\t\t\t\t\t\t\t<h3 class=\"elementor-icon-box-title\">\n\t\t\t\t\t\t<span  >\n\t\t\t\t\t\t\tPrograma\u00e7\u00e3o\t\t\t\t\t\t<\/span>\n\t\t\t\t\t<\/h3>\n\t\t\t\t\n\t\t\t\t\n\t\t\t<\/div>\n\t\t\t\n\t\t<\/div>\n\t\t\t\t\t\t<\/div>\n\t\t\t\t<div class=\"elementor-element elementor-element-3814e59 elementor-widget elementor-widget-text-editor\" data-id=\"3814e59\" data-element_type=\"widget\" data-e-type=\"widget\" data-widget_type=\"text-editor.default\">\n\t\t\t\t\t\t\t\t\t<p>Confira a lista completa de atra\u00e7\u00f5es e eventos da Festa do Figo<\/p>\t\t\t\t\t\t\t\t<\/div>\n\t\t\t\t<\/div>\n\t\t<div class=\"elementor-element elementor-element-eb744ed e-con-full e-flex e-con e-child\" data-id=\"eb744ed\" data-element_type=\"container\" data-e-type=\"container\" data-settings=\"{&quot;background_background&quot;:&quot;gradient&quot;}\">\n\t\t\t\t<div class=\"elementor-element elementor-element-a06158e elementor-position-inline-start elementor-view-default elementor-mobile-position-block-start elementor-widget elementor-widget-icon-box\" data-id=\"a06158e\" data-element_type=\"widget\" data-e-type=\"widget\" data-widget_type=\"icon-box.default\">\n\t\t\t\t\t\t\t<div class=\"elementor-icon-box-wrapper\">\n\n\t\t\t\t\t\t<div class=\"elementor-icon-box-icon\">\n\t\t\t\t<span  class=\"elementor-icon\">\n\t\t\t\t<svg xmlns=\"http:\/\/www.w3.org\/2000\/svg\" width=\"40\" height=\"40\" viewBox=\"0 0 40 40\" fill=\"none\"><path d=\"M22.3542 19.0208C23.007 18.368 23.3334 17.5833 23.3334 16.6666C23.3334 15.75 23.007 14.9653 22.3542 14.3125C21.7014 13.6597 20.9167 13.3333 20 13.3333C19.0834 13.3333 18.2986 13.6597 17.6459 14.3125C16.9931 14.9653 16.6667 15.75 16.6667 16.6666C16.6667 17.5833 16.9931 18.368 17.6459 19.0208C18.2986 19.6736 19.0834 20 20 20C20.9167 20 21.7014 19.6736 22.3542 19.0208ZM20 32.25C23.3889 29.1389 25.9028 26.3125 27.5417 23.7708C29.1806 21.2291 30 18.9722 30 17C30 13.9722 29.0347 11.493 27.1042 9.56248C25.1736 7.63192 22.8056 6.66665 20 6.66665C17.1945 6.66665 14.8264 7.63192 12.8959 9.56248C10.9653 11.493 10 13.9722 10 17C10 18.9722 10.8195 21.2291 12.4584 23.7708C14.0972 26.3125 16.6111 29.1389 20 32.25ZM20 36.6666C15.5278 32.8611 12.1875 29.3264 9.97919 26.0625C7.77085 22.7986 6.66669 19.7778 6.66669 17C6.66669 12.8333 8.00696 9.51387 10.6875 7.04165C13.3681 4.56942 16.4722 3.33331 20 3.33331C23.5278 3.33331 26.632 4.56942 29.3125 7.04165C31.9931 9.51387 33.3334 12.8333 33.3334 17C33.3334 19.7778 32.2292 22.7986 30.0209 26.0625C27.8125 29.3264 24.4722 32.8611 20 36.6666Z\" fill=\"#31783A\"><\/path><\/svg>\t\t\t\t<\/span>\n\t\t\t<\/div>\n\t\t\t\n\t\t\t\t\t\t<div class=\"elementor-icon-box-content\">\n\n\t\t\t\t\t\t\t\t\t<h3 class=\"elementor-icon-box-title\">\n\t\t\t\t\t\t<span  >\n\t\t\t\t\t\t\tComo chegar\t\t\t\t\t\t<\/span>\n\t\t\t\t\t<\/h3>\n\t\t\t\t\n\t\t\t\t\n\t\t\t<\/div>\n\t\t\t\n\t\t<\/div>\n\t\t\t\t\t\t<\/div>\n\t\t\t\t<div class=\"elementor-element elementor-element-48885a5 elementor-widget elementor-widget-text-editor\" data-id=\"48885a5\" data-element_type=\"widget\" data-e-type=\"widget\" data-widget_type=\"text-editor.default\">\n\t\t\t\t\t\t\t\t\t<p>Veja rotas, localiza\u00e7\u00e3o e dicas para chegar sem stress\u2028<\/p>\t\t\t\t\t\t\t\t<\/div>\n\t\t\t\t<\/div>\n\t\t<div class=\"elementor-element elementor-element-f88d178 e-con-full e-flex e-con e-child\" data-id=\"f88d178\" data-element_type=\"container\" data-e-type=\"container\" data-settings=\"{&quot;background_background&quot;:&quot;gradient&quot;}\">\n\t\t\t\t<div class=\"elementor-element elementor-element-ce548a2 elementor-position-inline-start elementor-view-default elementor-mobile-position-block-start elementor-widget elementor-widget-icon-box\" data-id=\"ce548a2\" data-element_type=\"widget\" data-e-type=\"widget\" data-widget_type=\"icon-box.default\">\n\t\t\t\t\t\t\t<div class=\"elementor-icon-box-wrapper\">\n\n\t\t\t\t\t\t<div class=\"elementor-icon-box-icon\">\n\t\t\t\t<span  class=\"elementor-icon\">\n\t\t\t\t<svg xmlns=\"http:\/\/www.w3.org\/2000\/svg\" width=\"40\" height=\"40\" viewBox=\"0 0 40 40\" fill=\"none\"><path d=\"M13.3333 31.6666H15.8333V20.4166C16.5555 20.1944 17.1528 19.7986 17.625 19.2291C18.0972 18.6597 18.3333 17.9722 18.3333 17.1666V10.8333C18.3333 10.6111 18.25 10.4166 18.0833 10.25C17.9166 10.0833 17.7222 9.99998 17.5 9.99998C17.2778 9.99998 17.0833 10.0833 16.9166 10.25C16.75 10.4166 16.6666 10.6111 16.6666 10.8333V15H15.4166V10.8333C15.4166 10.6111 15.3333 10.4166 15.1666 10.25C15 10.0833 14.8055 9.99998 14.5833 9.99998C14.3611 9.99998 14.1666 10.0833 14 10.25C13.8333 10.4166 13.75 10.6111 13.75 10.8333V15H12.5V10.8333C12.5 10.6111 12.4166 10.4166 12.25 10.25C12.0833 10.0833 11.8889 9.99998 11.6666 9.99998C11.4444 9.99998 11.25 10.0833 11.0833 10.25C10.9166 10.4166 10.8333 10.6111 10.8333 10.8333V17.1666C10.8333 17.9722 11.0694 18.6597 11.5416 19.2291C12.0139 19.7986 12.6111 20.1944 13.3333 20.4166V31.6666ZM23.3333 31.6666H25.8333V21.0833C26.75 20.6389 27.4653 19.9305 27.9791 18.9583C28.493 17.9861 28.75 16.8472 28.75 15.5416C28.75 13.9583 28.3541 12.6389 27.5625 11.5833C26.7708 10.5278 25.7778 9.99998 24.5833 9.99998C23.3889 9.99998 22.3958 10.5278 21.6041 11.5833C20.8125 12.6389 20.4166 13.9583 20.4166 15.5416C20.4166 16.8472 20.6736 17.9861 21.1875 18.9583C21.7014 19.9305 22.4166 20.6389 23.3333 21.0833V31.6666ZM6.66665 36.6666C5.74998 36.6666 4.96526 36.3403 4.31248 35.6875C3.6597 35.0347 3.33331 34.25 3.33331 33.3333V6.66665C3.33331 5.74998 3.6597 4.96526 4.31248 4.31248C4.96526 3.6597 5.74998 3.33331 6.66665 3.33331H33.3333C34.25 3.33331 35.0347 3.6597 35.6875 4.31248C36.3403 4.96526 36.6666 5.74998 36.6666 6.66665V33.3333C36.6666 34.25 36.3403 35.0347 35.6875 35.6875C35.0347 36.3403 34.25 36.6666 33.3333 36.6666H6.66665ZM6.66665 33.3333H33.3333V6.66665H6.66665V33.3333Z\" fill=\"#4D217A\"><\/path><\/svg>\t\t\t\t<\/span>\n\t\t\t<\/div>\n\t\t\t\n\t\t\t\t\t\t<div class=\"elementor-icon-box-content\">\n\n\t\t\t\t\t\t\t\t\t<h3 class=\"elementor-icon-box-title\">\n\t\t\t\t\t\t<span  >\n\t\t\t\t\t\t\tOnde comer\t\t\t\t\t\t<\/span>\n\t\t\t\t\t<\/h3>\n\t\t\t\t\n\t\t\t\t\n\t\t\t<\/div>\n\t\t\t\n\t\t<\/div>\n\t\t\t\t\t\t<\/div>\n\t\t\t\t<div class=\"elementor-element elementor-element-77f7194 elementor-widget elementor-widget-text-editor\" data-id=\"77f7194\" data-element_type=\"widget\" data-e-type=\"widget\" data-widget_type=\"text-editor.default\">\n\t\t\t\t\t\t\t\t\t<p>Descubra os melhores pratos e experi\u00eancias gastron\u00f4micas\u2028<\/p>\t\t\t\t\t\t\t\t<\/div>\n\t\t\t\t<\/div>\n\t\t<div class=\"elementor-element elementor-element-79f3baa e-con-full e-flex e-con e-child\" data-id=\"79f3baa\" data-element_type=\"container\" data-e-type=\"container\" data-settings=\"{&quot;background_background&quot;:&quot;gradient&quot;}\">\n\t\t\t\t<div class=\"elementor-element elementor-element-4da0274 elementor-position-inline-start elementor-view-default elementor-mobile-position-block-start elementor-widget elementor-widget-icon-box\" data-id=\"4da0274\" data-element_type=\"widget\" data-e-type=\"widget\" data-widget_type=\"icon-box.default\">\n\t\t\t\t\t\t\t<div class=\"elementor-icon-box-wrapper\">\n\n\t\t\t\t\t\t<div class=\"elementor-icon-box-icon\">\n\t\t\t\t<span  class=\"elementor-icon\">\n\t\t\t\t<svg xmlns=\"http:\/\/www.w3.org\/2000\/svg\" width=\"40\" height=\"40\" viewBox=\"0 0 40 40\" fill=\"none\"><path d=\"M3.33337 31.6666V21.6666C3.33337 20.9166 3.48615 20.2361 3.79171 19.625C4.09726 19.0139 4.50004 18.4722 5.00004 18V13.3333C5.00004 11.9444 5.48615 10.7639 6.45837 9.79165C7.4306 8.81942 8.61115 8.33331 10 8.33331H16.6667C17.3056 8.33331 17.9028 8.45137 18.4584 8.68748C19.0139 8.92359 19.5278 9.24998 20 9.66665C20.4723 9.24998 20.9862 8.92359 21.5417 8.68748C22.0973 8.45137 22.6945 8.33331 23.3334 8.33331H30C31.3889 8.33331 32.5695 8.81942 33.5417 9.79165C34.5139 10.7639 35 11.9444 35 13.3333V18C35.5 18.4722 35.9028 19.0139 36.2084 19.625C36.5139 20.2361 36.6667 20.9166 36.6667 21.6666V31.6666H33.3334V28.3333H6.66671V31.6666H3.33337ZM21.6667 16.6666H31.6667V13.3333C31.6667 12.8611 31.507 12.4653 31.1875 12.1458C30.8681 11.8264 30.4723 11.6666 30 11.6666H23.3334C22.8612 11.6666 22.4653 11.8264 22.1459 12.1458C21.8264 12.4653 21.6667 12.8611 21.6667 13.3333V16.6666ZM8.33337 16.6666H18.3334V13.3333C18.3334 12.8611 18.1737 12.4653 17.8542 12.1458C17.5348 11.8264 17.1389 11.6666 16.6667 11.6666H10C9.52782 11.6666 9.13198 11.8264 8.81254 12.1458C8.4931 12.4653 8.33337 12.8611 8.33337 13.3333V16.6666ZM6.66671 25H33.3334V21.6666C33.3334 21.1944 33.1737 20.7986 32.8542 20.4791C32.5348 20.1597 32.1389 20 31.6667 20H8.33337C7.86115 20 7.46532 20.1597 7.14587 20.4791C6.82643 20.7986 6.66671 21.1944 6.66671 21.6666V25Z\" fill=\"#D81C71\"><\/path><\/svg>\t\t\t\t<\/span>\n\t\t\t<\/div>\n\t\t\t\n\t\t\t\t\t\t<div class=\"elementor-icon-box-content\">\n\n\t\t\t\t\t\t\t\t\t<h3 class=\"elementor-icon-box-title\">\n\t\t\t\t\t\t<span  >\n\t\t\t\t\t\t\tOnde ficar\t\t\t\t\t\t<\/span>\n\t\t\t\t\t<\/h3>\n\t\t\t\t\n\t\t\t\t\n\t\t\t<\/div>\n\t\t\t\n\t\t<\/div>\n\t\t\t\t\t\t<\/div>\n\t\t\t\t<div class=\"elementor-element elementor-element-9b4a71a elementor-widget elementor-widget-text-editor\" data-id=\"9b4a71a\" data-element_type=\"widget\" data-e-type=\"widget\" data-widget_type=\"text-editor.default\">\n\t\t\t\t\t\t\t\t\t<p>Encontre hospedagens pr\u00f3ximas e bem avaliadas<\/p>\t\t\t\t\t\t\t\t<\/div>\n\t\t\t\t<\/div>\n\t\t\t\t\t<\/div>\n\t\t\t\t<\/div>\n\t\t<div class=\"elementor-element elementor-element-cbca901 e-flex e-con-boxed e-con e-parent\" data-id=\"cbca901\" data-element_type=\"container\" data-e-type=\"container\" data-settings=\"{&quot;background_background&quot;:&quot;classic&quot;}\">\n\t\t\t\t\t<div class=\"e-con-inner\">\n\t\t<div class=\"elementor-element elementor-element-991e916 e-con-full e-flex e-con e-child\" data-id=\"991e916\" data-element_type=\"container\" data-e-type=\"container\">\n\t\t\t\t<div class=\"elementor-element elementor-element-de43eab elementor-widget elementor-widget-heading\" data-id=\"de43eab\" data-element_type=\"widget\" data-e-type=\"widget\" data-widget_type=\"heading.default\">\n\t\t\t\t\t<h2 class=\"elementor-heading-title elementor-size-default\">O que \u00e9 a Festa do Figo?<\/h2>\t\t\t\t<\/div>\n\t\t\t\t<div class=\"elementor-element elementor-element-0d278e6 elementor-widget elementor-widget-text-editor\" data-id=\"0d278e6\" data-element_type=\"widget\" data-e-type=\"widget\" data-widget_type=\"text-editor.default\">\n\t\t\t\t\t\t\t\t\t<p><span dir=\"auto\" style=\"vertical-align: inherit;\"><span dir=\"auto\" style=\"vertical-align: inherit;\">A Festa do Figo \u00e9 um dos eventos mais tradicionais e esperados da regi\u00e3o, reunindo m\u00fasica, gastronomia, cultura e experi\u00eancias \u00fanicas. Todos os anos, milhares de visitantes participam para desfrutar de shows, exposi\u00e7\u00f5es e o melhor da culin\u00e1ria com figo.<\/span><\/span><\/p>\t\t\t\t\t\t\t\t<\/div>\n\t\t\t\t<div class=\"elementor-element elementor-element-5cadd08 elementor-widget elementor-widget-button\" data-id=\"5cadd08\" data-element_type=\"widget\" data-e-type=\"widget\" data-widget_type=\"button.default\">\n\t\t\t\t\t\t\t\t\t\t<a class=\"elementor-button elementor-button-link elementor-size-sm\" href=\"#\">\n\t\t\t\t\t\t<span class=\"elementor-button-content-wrapper\">\n\t\t\t\t\t\t\t\t\t<span class=\"elementor-button-text\">Saiba mais<\/span>\n\t\t\t\t\t<\/span>\n\t\t\t\t\t<\/a>\n\t\t\t\t\t\t\t\t<\/div>\n\t\t\t\t<\/div>\n\t\t\t\t<div class=\"elementor-element elementor-element-d263e39 elementor-widget__width-initial elementor-widget elementor-widget-image\" data-id=\"d263e39\" data-element_type=\"widget\" data-e-type=\"widget\" data-widget_type=\"image.default\">\n\t\t\t\t\t\t\t\t\t\t\t\t\t\t\t<img fetchpriority=\"high\" decoding=\"async\" width=\"650\" height=\"434\" src=\"https:\/\/festadofigo.com.br\/wp-content\/uploads\/2026\/04\/Frame-62661.png\" class=\"attachment-large size-large wp-image-192\" alt=\"\" srcset=\"https:\/\/festadofigo.com.br\/wp-content\/uploads\/2026\/04\/Frame-62661.png 650w, https:\/\/festadofigo.com.br\/wp-content\/uploads\/2026\/04\/Frame-62661-300x200.png 300w\" sizes=\"(max-width: 650px) 100vw, 650px\" \/>\t\t\t\t\t\t\t\t\t\t\t\t\t\t\t<\/div>\n\t\t\t\t\t<\/div>\n\t\t\t\t<\/div>\n\t\t<div class=\"elementor-element elementor-element-a4b1f8f e-flex e-con-boxed e-con e-parent\" data-id=\"a4b1f8f\" data-element_type=\"container\" data-e-type=\"container\" data-settings=\"{&quot;background_background&quot;:&quot;classic&quot;}\">\n\t\t\t\t\t<div class=\"e-con-inner\">\n\t\t\t\t<div class=\"elementor-element elementor-element-f010bf8 elementor-widget elementor-widget-heading\" data-id=\"f010bf8\" data-element_type=\"widget\" data-e-type=\"widget\" data-widget_type=\"heading.default\">\n\t\t\t\t\t<h2 class=\"elementor-heading-title elementor-size-default\">\u00daltimos do Blog<\/h2>\t\t\t\t<\/div>\n\t\t\t\t<div class=\"elementor-element elementor-element-8c39650 elementor-grid-3 elementor-grid-tablet-2 elementor-grid-mobile-1 elementor-posts--thumbnail-top elementor-card-shadow-yes elementor-posts__hover-gradient elementor-widget elementor-widget-posts\" data-id=\"8c39650\" data-element_type=\"widget\" data-e-type=\"widget\" data-settings=\"{&quot;cards_columns&quot;:&quot;3&quot;,&quot;cards_columns_tablet&quot;:&quot;2&quot;,&quot;cards_columns_mobile&quot;:&quot;1&quot;,&quot;cards_row_gap&quot;:{&quot;unit&quot;:&quot;px&quot;,&quot;size&quot;:35,&quot;sizes&quot;:[]},&quot;cards_row_gap_tablet&quot;:{&quot;unit&quot;:&quot;px&quot;,&quot;size&quot;:&quot;&quot;,&quot;sizes&quot;:[]},&quot;cards_row_gap_mobile&quot;:{&quot;unit&quot;:&quot;px&quot;,&quot;size&quot;:&quot;&quot;,&quot;sizes&quot;:[]}}\" data-widget_type=\"posts.cards\">\n\t\t\t\t<div class=\"elementor-widget-container\">\n\t\t\t\t\t\t\t<div class=\"elementor-posts-container elementor-posts elementor-posts--skin-cards elementor-grid\" role=\"list\">\n\t\t\t\t<article class=\"elementor-post elementor-grid-item post-105 post type-post status-publish format-standard has-post-thumbnail hentry category-blog\" role=\"listitem\">\n\t\t\t<div class=\"elementor-post__card\">\n\t\t\t\t<a class=\"elementor-post__thumbnail__link\" href=\"https:\/\/festadofigo.com.br\/?p=105\" tabindex=\"-1\" ><div class=\"elementor-post__thumbnail\"><img decoding=\"async\" width=\"300\" height=\"200\" src=\"https:\/\/festadofigo.com.br\/wp-content\/uploads\/2023\/08\/figo-300x200.webp\" class=\"attachment-medium size-medium wp-image-18\" alt=\"\" srcset=\"https:\/\/festadofigo.com.br\/wp-content\/uploads\/2023\/08\/figo-300x200.webp 300w, https:\/\/festadofigo.com.br\/wp-content\/uploads\/2023\/08\/figo.webp 675w\" sizes=\"(max-width: 300px) 100vw, 300px\" \/><\/div><\/a>\n\t\t\t\t<div class=\"elementor-post__text\">\n\t\t\t\t<h3 class=\"elementor-post__title\">\n\t\t\t<a href=\"https:\/\/festadofigo.com.br\/?p=105\" >\n\t\t\t\tPerfumes para o seu estilismo no Festival: Dicas para se destacar com o seu perfume favorito!\t\t\t<\/a>\n\t\t<\/h3>\n\t\t\t\t<div class=\"elementor-post__excerpt\">\n\t\t\t<p>Introdu\u00e7\u00e3o O festival \u00e9 um momento \u00fanico de divers\u00e3o e entretenimento, mas tamb\u00e9m pode ser<\/p>\n\t\t<\/div>\n\t\t\t\t\t<div class=\"elementor-post__read-more-wrapper\">\n\t\t\n\t\t<a class=\"elementor-post__read-more\" href=\"https:\/\/festadofigo.com.br\/?p=105\" aria-label=\"Read more about Perfumes para o seu estilismo no Festival: Dicas para se destacar com o seu perfume favorito!\" tabindex=\"-1\" >\n\t\t\tLer mais \u00bb\t\t<\/a>\n\n\t\t\t\t\t<\/div>\n\t\t\t\t<\/div>\n\t\t\t\t\t<\/div>\n\t\t<\/article>\n\t\t\t\t<article class=\"elementor-post elementor-grid-item post-102 post type-post status-publish format-standard has-post-thumbnail hentry category-blog\" role=\"listitem\">\n\t\t\t<div class=\"elementor-post__card\">\n\t\t\t\t<a class=\"elementor-post__thumbnail__link\" href=\"https:\/\/festadofigo.com.br\/?p=102\" tabindex=\"-1\" ><div class=\"elementor-post__thumbnail\"><img decoding=\"async\" width=\"300\" height=\"200\" src=\"https:\/\/festadofigo.com.br\/wp-content\/uploads\/2023\/08\/figo-300x200.webp\" class=\"attachment-medium size-medium wp-image-18\" alt=\"\" srcset=\"https:\/\/festadofigo.com.br\/wp-content\/uploads\/2023\/08\/figo-300x200.webp 300w, https:\/\/festadofigo.com.br\/wp-content\/uploads\/2023\/08\/figo.webp 675w\" sizes=\"(max-width: 300px) 100vw, 300px\" \/><\/div><\/a>\n\t\t\t\t<div class=\"elementor-post__text\">\n\t\t\t\t<h3 class=\"elementor-post__title\">\n\t\t\t<a href=\"https:\/\/festadofigo.com.br\/?p=102\" >\n\t\t\t\tDespertando os Sentidos no Festival: Descubra a Magia dos Perfumes\t\t\t<\/a>\n\t\t<\/h3>\n\t\t\t\t<div class=\"elementor-post__excerpt\">\n\t\t\t<p>Introdu\u00e7\u00e3o Os festivais s\u00e3o experi\u00eancias m\u00e1gicas que nos transportam para um mundo de cores, sons<\/p>\n\t\t<\/div>\n\t\t\t\t\t<div class=\"elementor-post__read-more-wrapper\">\n\t\t\n\t\t<a class=\"elementor-post__read-more\" href=\"https:\/\/festadofigo.com.br\/?p=102\" aria-label=\"Read more about Despertando os Sentidos no Festival: Descubra a Magia dos Perfumes\" tabindex=\"-1\" >\n\t\t\tLer mais \u00bb\t\t<\/a>\n\n\t\t\t\t\t<\/div>\n\t\t\t\t<\/div>\n\t\t\t\t\t<\/div>\n\t\t<\/article>\n\t\t\t\t<article class=\"elementor-post elementor-grid-item post-99 post type-post status-publish format-standard has-post-thumbnail hentry category-blog\" role=\"listitem\">\n\t\t\t<div class=\"elementor-post__card\">\n\t\t\t\t<a class=\"elementor-post__thumbnail__link\" href=\"https:\/\/festadofigo.com.br\/?p=99\" tabindex=\"-1\" ><div class=\"elementor-post__thumbnail\"><img decoding=\"async\" width=\"300\" height=\"200\" src=\"https:\/\/festadofigo.com.br\/wp-content\/uploads\/2023\/08\/figo-300x200.webp\" class=\"attachment-medium size-medium wp-image-18\" alt=\"\" srcset=\"https:\/\/festadofigo.com.br\/wp-content\/uploads\/2023\/08\/figo-300x200.webp 300w, https:\/\/festadofigo.com.br\/wp-content\/uploads\/2023\/08\/figo.webp 675w\" sizes=\"(max-width: 300px) 100vw, 300px\" \/><\/div><\/a>\n\t\t\t\t<div class=\"elementor-post__text\">\n\t\t\t\t<h3 class=\"elementor-post__title\">\n\t\t\t<a href=\"https:\/\/festadofigo.com.br\/?p=99\" >\n\t\t\t\tM\u00fasicas ao Vivo e Direitos Respeitados: Como a Lei Protege os F\u00e3s no Festival\t\t\t<\/a>\n\t\t<\/h3>\n\t\t\t\t<div class=\"elementor-post__excerpt\">\n\t\t\t<p>O festival \u00e9 um espa\u00e7o de celebra\u00e7\u00e3o da m\u00fasica e da arte, onde as pessoas<\/p>\n\t\t<\/div>\n\t\t\t\t\t<div class=\"elementor-post__read-more-wrapper\">\n\t\t\n\t\t<a class=\"elementor-post__read-more\" href=\"https:\/\/festadofigo.com.br\/?p=99\" aria-label=\"Read more about M\u00fasicas ao Vivo e Direitos Respeitados: Como a Lei Protege os F\u00e3s no Festival\" tabindex=\"-1\" >\n\t\t\tLer mais \u00bb\t\t<\/a>\n\n\t\t\t\t\t<\/div>\n\t\t\t\t<\/div>\n\t\t\t\t\t<\/div>\n\t\t<\/article>\n\t\t\t\t<\/div>\n\t\t\n\t\t\t\t\t\t<\/div>\n\t\t\t\t<\/div>\n\t\t\t\t<div class=\"elementor-element elementor-element-0aad628 elementor-widget elementor-widget-button\" data-id=\"0aad628\" data-element_type=\"widget\" data-e-type=\"widget\" data-widget_type=\"button.default\">\n\t\t\t\t\t\t\t\t\t\t<a class=\"elementor-button elementor-button-link elementor-size-sm\" href=\"#\">\n\t\t\t\t\t\t<span class=\"elementor-button-content-wrapper\">\n\t\t\t\t\t\t\t\t\t<span class=\"elementor-button-text\">Veja mais<\/span>\n\t\t\t\t\t<\/span>\n\t\t\t\t\t<\/a>\n\t\t\t\t\t\t\t\t<\/div>\n\t\t\t\t\t<\/div>\n\t\t\t\t<\/div>\n\t\t\t\t<\/div>\n\t\t","protected":false},"excerpt":{"rendered":"<p>Tudo sobre a Festa do Figo em um s\u00f3 lugar Programa\u00e7\u00e3o completa, dicas, onde ficar, o que fazer e tudo que voc\u00ea precisa para aproveitar ao m\u00e1ximo o evento Ver programa\u00e7\u00e3o Como chegar Programa\u00e7\u00e3o Confira a lista completa de atra\u00e7\u00f5es e eventos da Festa do Figo Como chegar Veja rotas, localiza\u00e7\u00e3o e dicas para chegar [&hellip;]<\/p>\n","protected":false},"author":2,"featured_media":0,"parent":0,"menu_order":0,"comment_status":"closed","ping_status":"closed","template":"elementor_header_footer","meta":{"footnotes":""},"class_list":["post-131","page","type-page","status-publish","hentry"],"_links":{"self":[{"href":"https:\/\/festadofigo.com.br\/index.php?rest_route=\/wp\/v2\/pages\/131","targetHints":{"allow":["GET"]}}],"collection":[{"href":"https:\/\/festadofigo.com.br\/index.php?rest_route=\/wp\/v2\/pages"}],"about":[{"href":"https:\/\/festadofigo.com.br\/index.php?rest_route=\/wp\/v2\/types\/page"}],"author":[{"embeddable":true,"href":"https:\/\/festadofigo.com.br\/index.php?rest_route=\/wp\/v2\/users\/2"}],"replies":[{"embeddable":true,"href":"https:\/\/festadofigo.com.br\/index.php?rest_route=%2Fwp%2Fv2%2Fcomments&post=131"}],"version-history":[{"count":28,"href":"https:\/\/festadofigo.com.br\/index.php?rest_route=\/wp\/v2\/pages\/131\/revisions"}],"predecessor-version":[{"id":206,"href":"https:\/\/festadofigo.com.br\/index.php?rest_route=\/wp\/v2\/pages\/131\/revisions\/206"}],"wp:attachment":[{"href":"https:\/\/festadofigo.com.br\/index.php?rest_route=%2Fwp%2Fv2%2Fmedia&parent=131"}],"curies":[{"name":"wp","href":"https:\/\/api.w.org\/{rel}","templated":true}]}}